{"id":231,"date":"2020-03-26T19:51:41","date_gmt":"2020-03-26T19:51:41","guid":{"rendered":"https:\/\/neu.swisscables.com\/overview\/"},"modified":"2025-10-22T09:43:03","modified_gmt":"2025-10-22T07:43:03","slug":"overview","status":"publish","type":"page","link":"https:\/\/swisscables.com\/de\/overview\/","title":{"rendered":"Overview"},"content":{"rendered":"<div id='av_section_1'  class='avia-section av-4fhst-b36e8b6203440aa03bfbe31204411f3f main_color avia-section-default avia-shadow  avia-builder-el-0  el_before_av_section  avia-builder-el-first  avia-bg-style-scroll container_wrap fullsize'  ><div class='container av-section-cont-open' ><main  role=\"main\" itemprop=\"mainContentOfPage\"  class='template-page content  av-content-full alpha units'><div class='post-entry post-entry-type-page post-entry-231'><div class='entry-content-wrapper clearfix'>\n\n<style type=\"text\/css\" data-created_by=\"avia_inline_auto\" id=\"style-css-av-3qsix-7312883310d59e1dfbb8f43e2f627bdc\">\n.flex_column.av-3qsix-7312883310d59e1dfbb8f43e2f627bdc{\nborder-radius:0px 0px 0px 0px;\npadding:0px 0px 0px 0px;\n}\n<\/style>\n<div  class='flex_column av-3qsix-7312883310d59e1dfbb8f43e2f627bdc av_two_third  avia-builder-el-1  avia-builder-el-no-sibling  first flex_column_div av-zero-column-padding  '     ><section  class='av_textblock_section av-ktsmlsx6-efdd831c308d0c8bc1d260c02586f84c '   itemscope=\"itemscope\" itemtype=\"https:\/\/schema.org\/CreativeWork\" ><div class='avia_textblock'  itemprop=\"text\" ><h1>Overview<\/h1>\n<h2 style=\"text-transform: none;\">swisscables &#8211; vollst\u00e4ndig handgemacht in der Schweiz<\/h2>\n<p>Elemente, die bei allen vier Linien identisch sind<\/p>\n<p>Unsere Produkte werden aus erstklassigen Materialien in Handarbeit in der Schweiz hergestellt. Alle swisscables nutzen UP OCC solid core Leiter aus spezieller Kupferlegierung. Die Dr\u00e4hte werden im Stranggussverfahren &#8211; sehr, sehr langsam, wenige Zentimeter pro Minute &#8211; gegossen. Diese spannungsfreie Produktion ist sehr wichtig!<\/p>\n<p>Die Leiter umh\u00fcllen wir mit einer leichten Naturfaser von ca. 2 g\/m bevor die Geometrie gemacht werden kann. Die Leitergeometrie ist auf die jeweilige Kabell\u00e4nge abgestimmt.<\/p>\n<p>Dann wird die gewobene Leiterkonstruktion in ein flexibles Rohr gef\u00fchrt und ist nur noch von Luft umgeben. Diese Luftisolation ist das Beste f\u00fcr einen nat\u00fcrlichen Klang. Die spezielle Leitergeometrie verhindert weitgehend, dass Leiter das flexible Rohr ber\u00fchren.<\/p>\n<p>Auch sehr wichtig: es sind keine synthetischen Materialien in der N\u00e4he der Leiter!<\/p>\n<p>And for our premium plugs we use wood wherever possible which is a very good resonator.<\/p>\n<p>Und f\u00fcr unsere hochwertigen Stecker verwenden wir wo immer m\u00f6glich Holz, da Holz ein sehr guter Resonator ist.<\/p>\n<p>Keine Schrumpfschl\u00e4uche, da sie den Klang beeinflussen. Ausnahme bei den evolution Lautsprecherkabeln aus Kostengr\u00fcnden.<\/p>\n<p>Alle swisscables sind vollst\u00e4ndig in Handarbeit in der Schweiz hergestellt.<\/p>\n<p>Charakteristische Merkmale der verschiedenen Linien sind nicht nur die Leiterquerschnitte mit der entsprechenden Geometrie, sondern auch die verbesserten Stecker, die wir \u00fcber die Jahre entwickelt haben.<\/p>\n<\/div><\/section><\/div>\n\n<\/div><\/div><\/main><!-- close content main element --><\/div><\/div><div id='av_section_2'  class='avia-section av-ktsmmaxb-8dd34572141d6dc780a9b15a285f0554 alternate_color avia-section-default avia-shadow  avia-builder-el-3  el_after_av_section  avia-builder-el-last  avia-bg-style-scroll container_wrap fullsize'  ><div class='container av-section-cont-open' ><div class='template-page content  av-content-full alpha units'><div class='post-entry post-entry-type-page post-entry-231'><div class='entry-content-wrapper clearfix'>\n\n<style type=\"text\/css\" data-created_by=\"avia_inline_auto\" id=\"style-css-av-3gnpl-26d52d7bd7850f4d43b8efbef40da66d\">\n.flex_column.av-3gnpl-26d52d7bd7850f4d43b8efbef40da66d{\nborder-radius:0px 0px 0px 0px;\npadding:0px 0px 0px 0px;\n}\n<\/style>\n<div  class='flex_column av-3gnpl-26d52d7bd7850f4d43b8efbef40da66d av_one_full  avia-builder-el-4  el_before_av_one_half  avia-builder-el-first  first flex_column_div av-zero-column-padding  '     ><section  class='av_textblock_section av-ktsmm2yg-7a0123079b206240751eb9e981e73858 '   itemscope=\"itemscope\" itemtype=\"https:\/\/schema.org\/CreativeWork\" ><div class='avia_textblock'  itemprop=\"text\" ><h3 style=\"text-align: center; text-transform:none;\">Unsere vier Linien<\/h3>\n<\/div><\/section><\/div>\n<style type=\"text\/css\" data-created_by=\"avia_inline_auto\" id=\"style-css-av-2lwx5-b8fcf571c87345d40817c1200676d5c1\">\n.flex_column.av-2lwx5-b8fcf571c87345d40817c1200676d5c1{\nborder-radius:0px 0px 0px 0px;\npadding:0px 0px 0px 0px;\n}\n<\/style>\n<div  class='flex_column av-2lwx5-b8fcf571c87345d40817c1200676d5c1 av_one_half  avia-builder-el-6  el_after_av_one_full  el_before_av_one_half  first flex_column_div av-zero-column-padding  column-top-margin'     ><section  class='av_textblock_section av-ktsmmvje-098277d1501e1223253341d585051baa '   itemscope=\"itemscope\" itemtype=\"https:\/\/schema.org\/CreativeWork\" ><div class='avia_textblock'  itemprop=\"text\" ><p><strong>evolution<\/strong><\/p>\n<p>IC direct, IC protect, IC balanced, IC digital, LS single wiring, jumpers und Stromkabel<\/p>\n<p>Das evolution Kabeldesign bewirkt<\/p>\n<ul>\n<li>sofort h\u00f6rbare Signalpr\u00e4zision, Nat\u00fcrlichkeit, Transparenz<\/li>\n<li>bahnbrechendes Preis-Leistungs-Verh\u00e4ltnis<\/li>\n<\/ul>\n<\/div><\/section><\/div>\n<style type=\"text\/css\" data-created_by=\"avia_inline_auto\" id=\"style-css-av-1y92h-7829564afb612c1b26352500a9f99dad\">\n.flex_column.av-1y92h-7829564afb612c1b26352500a9f99dad{\nborder-radius:0px 0px 0px 0px;\npadding:0px 0px 0px 0px;\n}\n<\/style>\n<div  class='flex_column av-1y92h-7829564afb612c1b26352500a9f99dad av_one_half  avia-builder-el-8  el_after_av_one_half  el_before_av_one_half  flex_column_div av-zero-column-padding  column-top-margin'     ><section  class='av_textblock_section av-ktsmnnd5-cfc188a430df412b35616bd9234a39f1 '   itemscope=\"itemscope\" itemtype=\"https:\/\/schema.org\/CreativeWork\" ><div class='avia_textblock'  itemprop=\"text\" ><p><strong>reference One<\/strong><\/p>\n<p>IC direct, IC protect, IC balanced, LS single und bi-wiring, jumpers, Stromkabel und Steckerleiste<\/p>\n<ul>\n<li>dramatische Verbesserung des Signal-Rauschabstandes<\/li>\n<li>enorme Verbesserung der r\u00e4umlichen Abbildung, Zeitgenauigkeit und Nat\u00fcrlichkeit des Klangbildes<\/li>\n<\/ul>\n\n<\/div><\/section><\/div>\n<style type=\"text\/css\" data-created_by=\"avia_inline_auto\" id=\"style-css-av-1b5fl-57b547ff2a27d6018d63064c12d1fffa\">\n.flex_column.av-1b5fl-57b547ff2a27d6018d63064c12d1fffa{\nborder-radius:0px 0px 0px 0px;\npadding:0px 0px 0px 0px;\n}\n<\/style>\n<div  class='flex_column av-1b5fl-57b547ff2a27d6018d63064c12d1fffa av_one_half  avia-builder-el-10  el_after_av_one_half  el_before_av_one_half  first flex_column_div av-zero-column-padding  column-top-margin'     ><section  class='av_textblock_section av-ktsmnu65-58f526e576b74abc01a6a3e84f047818 '   itemscope=\"itemscope\" itemtype=\"https:\/\/schema.org\/CreativeWork\" ><div class='avia_textblock'  itemprop=\"text\" ><p><span style=\"color: #000000; font-size: 22px; margin-right: 10px;\"><em>neu<\/em><\/span><strong> reference Ultra<\/strong><\/p>\n<p>Die neuen reference Ultra Kabel profitieren stark von der Entwicklung der Diamond Linie.<\/p>\n<p>Die Interconnect Kabel \u2013 IC direct, IC protect und IC balanced \u2013 haben eine Behandlung der gegossenen Kupferdr\u00e4hte, die in vielen Aspekten der Diamond Linie entspricht.<\/p>\n<p>Die Lautsprecherkabel der Ultra Linie haben keine Behandlung der Leiter, jedoch die identische Geometrie der Diamond Kabel.<\/p>\n<ul>\n<li>ruhige und stressfreie Musikwiedergabe<\/li>\n<li>faszinierende Klarheit im Mittelton<\/li>\n<li>tiefer und pr\u00e4ziser Bass<\/li>\n<li>exakte und grosse Bu\u0308hnendarstellung: holografisch pr\u00e4zise fokusiert<\/li>\n<\/ul>\n\n<\/div><\/section><\/div>\n<style type=\"text\/css\" data-created_by=\"avia_inline_auto\" id=\"style-css-av-s2ml-459aea063b469bf8f9393dd8c0f3bf0b\">\n.flex_column.av-s2ml-459aea063b469bf8f9393dd8c0f3bf0b{\nborder-radius:0px 0px 0px 0px;\npadding:0px 0px 0px 0px;\n}\n<\/style>\n<div  class='flex_column av-s2ml-459aea063b469bf8f9393dd8c0f3bf0b av_one_half  avia-builder-el-12  el_after_av_one_half  avia-builder-el-last  flex_column_div av-zero-column-padding  column-top-margin'     ><section  class='av_textblock_section av-ktsmnz7r-54eaa55570f7a4ad49d187faef37dc40 '   itemscope=\"itemscope\" itemtype=\"https:\/\/schema.org\/CreativeWork\" ><div class='avia_textblock'  itemprop=\"text\" ><p><strong>Diamond<\/strong> \u2013 die Kr\u00f6nung und definitiv schwer zu \u00fcberbieten<\/p>\n<p>IC direct, IC protect, IC balanced, IC digital, LS single wiring, DUO single wiring (doppelt gef\u00fchrter Leiter) DUO bi-wiring, DUO bi-amping und Stromkabel<\/p>\n<p>F\u00fcr die DIAMOND Kabel hat Swisscables ein Design mit einer v\u00f6llig neuen Leitertechnologie entwickelt. Die Produktionsmethode der neuen DIAMOND Kabel ist sehr komplex und zeitaufw\u00e4ndig.<\/p>\n<p>47 (!) Komponenten werden auf die gegossenen Kupferdr\u00e4hte von h\u00f6chster Reinheit aufgetragen, und dies in sehr pr\u00e4zisen Zeitabst\u00e4nden \u00fcber mehrere Wochen. Der Kabelaufbau kann erst sechs Wochen sp\u00e4ter in Angriff genommen werden.<\/p>\n<p>Der grosse Aufwand wird durch einen erstaunlich hohen Gewinn an Klangfarben und Raumabbildung entsch\u00e4digt: ein Highlight f\u00fcr alle Musikliebhaber!<\/p>\n<p>Die neuen DIAMOND Kabel bewirken eine magisch ruhige und v\u00f6llig stressfreie Musikwiedergabe \u00fcber den gesamten Frequenzbereich. Dynamik, Transparenz und Subtilit\u00e4t im Hochton erhalten eine neue Qualit\u00e4t. Die Pr\u00e4sentation von Stimmen fasziniert. Die Basswiedergabe ist extrem schnell und pr\u00e4zise. Die exakte und grosse B\u00fchnendarstellung ist tiefer, breiter und h\u00f6her.<\/p>\n<p>Das erste Kabel der DIAMOND Linie war das Stromkabel. Ein \u00dcberflieger, der die heausragende Qualit\u00e4t dieser Technik perfekt aufzeigen konnte. Entsprechend gross ist das Echo am Markt. Daher hat Swisscables die DIAMOND Linie mit Interconnect und Lautsprecherkabeln erg\u00e4nzt. Alle Kabel tragen das Pr\u00e4dikat \u201ehandmade in Switzerland\u201c.<\/p>\n\n<\/div><\/section><\/div>\n","protected":false},"excerpt":{"rendered":"","protected":false},"author":3,"featured_media":0,"parent":0,"menu_order":0,"comment_status":"closed","ping_status":"closed","template":"","meta":{"inline_featured_image":false,"footnotes":""},"class_list":["post-231","page","type-page","status-publish","hentry"],"yoast_head":"<!-- This site is optimized with the Yoast SEO plugin v27.4 - https:\/\/yoast.com\/product\/yoast-seo-wordpress\/ -->\n<title>Overview - Swisscables<\/title>\n<meta name=\"robots\" content=\"index, follow, max-snippet:-1, max-image-preview:large, max-video-preview:-1\" \/>\n<link rel=\"canonical\" href=\"https:\/\/swisscables.com\/de\/overview\/\" \/>\n<meta property=\"og:locale\" content=\"de_DE\" \/>\n<meta property=\"og:type\" content=\"article\" \/>\n<meta property=\"og:title\" content=\"Overview - Swisscables\" \/>\n<meta property=\"og:url\" content=\"https:\/\/swisscables.com\/de\/overview\/\" \/>\n<meta property=\"og:site_name\" content=\"Swisscables\" \/>\n<meta property=\"article:modified_time\" content=\"2025-10-22T07:43:03+00:00\" \/>\n<meta name=\"twitter:card\" content=\"summary_large_image\" \/>\n<meta name=\"twitter:label1\" content=\"Gesch\u00e4tzte Lesezeit\" \/>\n\t<meta name=\"twitter:data1\" content=\"15\u00a0Minuten\" \/>\n<script type=\"application\/ld+json\" class=\"yoast-schema-graph\">{\"@context\":\"https:\\\/\\\/schema.org\",\"@graph\":[{\"@type\":\"WebPage\",\"@id\":\"https:\\\/\\\/swisscables.com\\\/de\\\/overview\\\/\",\"url\":\"https:\\\/\\\/swisscables.com\\\/de\\\/overview\\\/\",\"name\":\"Overview - Swisscables\",\"isPartOf\":{\"@id\":\"https:\\\/\\\/swisscables.com\\\/de\\\/#website\"},\"datePublished\":\"2020-03-26T19:51:41+00:00\",\"dateModified\":\"2025-10-22T07:43:03+00:00\",\"breadcrumb\":{\"@id\":\"https:\\\/\\\/swisscables.com\\\/de\\\/overview\\\/#breadcrumb\"},\"inLanguage\":\"de\",\"potentialAction\":[{\"@type\":\"ReadAction\",\"target\":[\"https:\\\/\\\/swisscables.com\\\/de\\\/overview\\\/\"]}]},{\"@type\":\"BreadcrumbList\",\"@id\":\"https:\\\/\\\/swisscables.com\\\/de\\\/overview\\\/#breadcrumb\",\"itemListElement\":[{\"@type\":\"ListItem\",\"position\":1,\"name\":\"Home\",\"item\":\"https:\\\/\\\/swisscables.com\\\/de\\\/home\\\/\"},{\"@type\":\"ListItem\",\"position\":2,\"name\":\"Overview\"}]},{\"@type\":\"WebSite\",\"@id\":\"https:\\\/\\\/swisscables.com\\\/de\\\/#website\",\"url\":\"https:\\\/\\\/swisscables.com\\\/de\\\/\",\"name\":\"Swisscables\",\"description\":\"\",\"potentialAction\":[{\"@type\":\"SearchAction\",\"target\":{\"@type\":\"EntryPoint\",\"urlTemplate\":\"https:\\\/\\\/swisscables.com\\\/de\\\/?s={search_term_string}\"},\"query-input\":{\"@type\":\"PropertyValueSpecification\",\"valueRequired\":true,\"valueName\":\"search_term_string\"}}],\"inLanguage\":\"de\"}]}<\/script>\n<!-- \/ Yoast SEO plugin. -->","yoast_head_json":{"title":"Overview - Swisscables","robots":{"index":"index","follow":"follow","max-snippet":"max-snippet:-1","max-image-preview":"max-image-preview:large","max-video-preview":"max-video-preview:-1"},"canonical":"https:\/\/swisscables.com\/de\/overview\/","og_locale":"de_DE","og_type":"article","og_title":"Overview - Swisscables","og_url":"https:\/\/swisscables.com\/de\/overview\/","og_site_name":"Swisscables","article_modified_time":"2025-10-22T07:43:03+00:00","twitter_card":"summary_large_image","twitter_misc":{"Gesch\u00e4tzte Lesezeit":"15\u00a0Minuten"},"schema":{"@context":"https:\/\/schema.org","@graph":[{"@type":"WebPage","@id":"https:\/\/swisscables.com\/de\/overview\/","url":"https:\/\/swisscables.com\/de\/overview\/","name":"Overview - Swisscables","isPartOf":{"@id":"https:\/\/swisscables.com\/de\/#website"},"datePublished":"2020-03-26T19:51:41+00:00","dateModified":"2025-10-22T07:43:03+00:00","breadcrumb":{"@id":"https:\/\/swisscables.com\/de\/overview\/#breadcrumb"},"inLanguage":"de","potentialAction":[{"@type":"ReadAction","target":["https:\/\/swisscables.com\/de\/overview\/"]}]},{"@type":"BreadcrumbList","@id":"https:\/\/swisscables.com\/de\/overview\/#breadcrumb","itemListElement":[{"@type":"ListItem","position":1,"name":"Home","item":"https:\/\/swisscables.com\/de\/home\/"},{"@type":"ListItem","position":2,"name":"Overview"}]},{"@type":"WebSite","@id":"https:\/\/swisscables.com\/de\/#website","url":"https:\/\/swisscables.com\/de\/","name":"Swisscables","description":"","potentialAction":[{"@type":"SearchAction","target":{"@type":"EntryPoint","urlTemplate":"https:\/\/swisscables.com\/de\/?s={search_term_string}"},"query-input":{"@type":"PropertyValueSpecification","valueRequired":true,"valueName":"search_term_string"}}],"inLanguage":"de"}]}},"_links":{"self":[{"href":"https:\/\/swisscables.com\/de\/wp-json\/wp\/v2\/pages\/231","targetHints":{"allow":["GET"]}}],"collection":[{"href":"https:\/\/swisscables.com\/de\/wp-json\/wp\/v2\/pages"}],"about":[{"href":"https:\/\/swisscables.com\/de\/wp-json\/wp\/v2\/types\/page"}],"author":[{"embeddable":true,"href":"https:\/\/swisscables.com\/de\/wp-json\/wp\/v2\/users\/3"}],"replies":[{"embeddable":true,"href":"https:\/\/swisscables.com\/de\/wp-json\/wp\/v2\/comments?post=231"}],"version-history":[{"count":23,"href":"https:\/\/swisscables.com\/de\/wp-json\/wp\/v2\/pages\/231\/revisions"}],"predecessor-version":[{"id":1278,"href":"https:\/\/swisscables.com\/de\/wp-json\/wp\/v2\/pages\/231\/revisions\/1278"}],"wp:attachment":[{"href":"https:\/\/swisscables.com\/de\/wp-json\/wp\/v2\/media?parent=231"}],"curies":[{"name":"wp","href":"https:\/\/api.w.org\/{rel}","templated":true}]}}