{"id":233,"date":"2020-03-26T19:52:18","date_gmt":"2020-03-26T19:52:18","guid":{"rendered":"https:\/\/neu.swisscables.com\/products\/"},"modified":"2025-10-22T09:26:10","modified_gmt":"2025-10-22T07:26:10","slug":"products","status":"publish","type":"page","link":"https:\/\/swisscables.com\/de\/products\/","title":{"rendered":"Products"},"content":{"rendered":"<div id='av_section_1'  class='avia-section av-k86aw28a-5ffca8d0f4fed0ba4a5d12061f5fb282 main_color avia-section-default avia-shadow  avia-builder-el-0  el_before_av_section  avia-builder-el-first  avia-bg-style-scroll container_wrap fullsize'  ><div class='container av-section-cont-open' ><main  role=\"main\" itemprop=\"mainContentOfPage\"  class='template-page content  av-content-full alpha units'><div class='post-entry post-entry-type-page post-entry-233'><div class='entry-content-wrapper clearfix'>\n\n<style type=\"text\/css\" data-created_by=\"avia_inline_auto\" id=\"style-css-av-3z81-d33370a3960f99275b5be861e4c3e702\">\n.flex_column.av-3z81-d33370a3960f99275b5be861e4c3e702{\nborder-radius:0px 0px 0px 0px;\npadding:0px 0px 0px 0px;\n}\n<\/style>\n<div  class='flex_column av-3z81-d33370a3960f99275b5be861e4c3e702 av_two_third  avia-builder-el-1  avia-builder-el-no-sibling  first flex_column_div av-zero-column-padding  '     ><section  class='av_textblock_section av-jwhniv6n-e1059a515c4ea93eb80544e318be7904 '   itemscope=\"itemscope\" itemtype=\"https:\/\/schema.org\/CreativeWork\" ><div class='avia_textblock'  itemprop=\"text\" ><h1>Products<\/h1>\n<p>In Zusammenarbeit mit einer der f\u00fchrenden Audiodesignfirmen des Weltmarktes entstanden, bieten Swisscables Produkte real h\u00f6rbare Klangqualit\u00e4t durch neue richtungsweisende Technologien und dies trotz aufw\u00e4ndiger Fertigung in der Schweiz, zu einem bisher nicht realisierbaren Preis-\/Leistungsverh\u00e4ltnis.<\/p>\n<p>Swisscables\u00a0 &#8211; Signal- und Stromkabel &#8211;\u00a0 basieren auf Metallurgie der neuesten Generation und verwenden gezielt f\u00fcr High End Anwendungen optimierte Leiterquerschnitte, Kabel-Geometrien und Premiumstecker sowie neuartige, mikroverzerrungsfreie Isolierungs-Technologien, deren klangliche Vorteile mit den heute bei High End Kabeln &#8211; egal welcher Preisklasse \u2013 mehrheitlich verwendeten Materialien nicht realisierbar sind.<\/p>\n<\/div><\/section><\/div>\n\n<\/div><\/div><\/main><!-- close content main element --><\/div><\/div>\n<style type=\"text\/css\" data-created_by=\"avia_inline_auto\" id=\"style-css-av-k86aw28a-16-68447d78030f850f5f2531439c22e8e9\">\n.avia-section.av-k86aw28a-16-68447d78030f850f5f2531439c22e8e9{\nbackground-color:#d7dee5;\nbackground:linear-gradient( to bottom, #d7dee5, #f2f4f5 );\n}\n<\/style>\n<div id='av_section_2'  class='avia-section av-k86aw28a-16-68447d78030f850f5f2531439c22e8e9 main_color avia-section-large avia-shadow  avia-builder-el-3  el_after_av_section  el_before_av_layout_row  avia-bg-style-scroll container_wrap fullsize'  ><div class='container av-section-cont-open' ><div class='template-page content  av-content-full alpha units'><div class='post-entry post-entry-type-page post-entry-233'><div class='entry-content-wrapper clearfix'>\n\n<style type=\"text\/css\" data-created_by=\"avia_inline_auto\" id=\"style-css-av-3z81-15-2699a0444a60b6af0a2ecd2fa9935141\">\n.flex_column.av-3z81-15-2699a0444a60b6af0a2ecd2fa9935141{\nborder-radius:0px 0px 0px 0px;\npadding:0px 0px 0px 0px;\n}\n<\/style>\n<div  class='flex_column av-3z81-15-2699a0444a60b6af0a2ecd2fa9935141 av_one_full  avia-builder-el-4  avia-builder-el-no-sibling  first flex_column_div av-zero-column-padding  '     ><section  class='av_textblock_section av-k86dav2k-03343b97577bc2c8c6806ecb67eafd7c '   itemscope=\"itemscope\" itemtype=\"https:\/\/schema.org\/CreativeWork\" ><div class='avia_textblock'  itemprop=\"text\" ><h2 style=\"text-align: center; text-transform:none;\">unsere vier Linien<\/h2>\n<\/div><\/section><\/div>\n\n<\/div><\/div><\/div><!-- close content main div --><\/div><\/div><div id='av-layout-grid-1'  class='av-layout-grid-container av-k899zq5d-ebacee85c976362578a3faafe1f7be4c entry-content-wrapper main_color av-flex-cells av-break-at-tablet  avia-builder-el-6  el_after_av_section  el_before_av_section  grid-row-not-first  container_wrap fullsize'  >\n\n<style type=\"text\/css\" data-created_by=\"avia_inline_auto\" id=\"style-css-av-k899yzt0-69813c251d73d4b6d7258645123e0dda\">\n.flex_cell.av-k899yzt0-69813c251d73d4b6d7258645123e0dda{\nvertical-align:top;\nheight:400px;\nmin-height:400px;\nbackground:url(https:\/\/swisscables.com\/wp-content\/uploads\/2020\/06\/evolution-IC-direct_web-1024x683.jpg) 100% 50% no-repeat scroll ;\n}\n.responsive #top #wrap_all .flex_cell.av-k899yzt0-69813c251d73d4b6d7258645123e0dda{\npadding:30px 30px 30px 30px !important;\n}\n<\/style>\n<a class=\"av-screen-reader-only\" href=\"https:\/\/swisscables.com\/products\/evolution\/\" >Link zu: evolution<\/a><div class='flex_cell av-k899yzt0-69813c251d73d4b6d7258645123e0dda av-gridrow-cell av_one_fourth no_margin  avia-builder-el-7  el_before_av_cell_one_fourth  avia-builder-el-first  content-align-top avia-full-stretch avia-link-column av-cell-link avia-link-column-hover'  data-link-column-url=\"https:\/\/swisscables.com\/products\/evolution\/\"  ><div class='flex_cell_inner'><section  class='av_textblock_section av-k86de3b4-dc86be8793eebc02cfc720676202fb09 '   itemscope=\"itemscope\" itemtype=\"https:\/\/schema.org\/CreativeWork\" ><div class='avia_textblock'  itemprop=\"text\" ><h3 style=\"text-align: center;\">evolution<\/h3>\n<\/div><\/section>\n<\/div><\/div>\n<style type=\"text\/css\" data-created_by=\"avia_inline_auto\" id=\"style-css-av-k899yzt0-10-11d8a4a6fea0f530127d2a177dff54e9\">\n.flex_cell.av-k899yzt0-10-11d8a4a6fea0f530127d2a177dff54e9{\nvertical-align:top;\nheight:400px;\nmin-height:400px;\nbackground:url(https:\/\/swisscables.com\/wp-content\/uploads\/2020\/03\/ref-direct_web-1024x643.jpg) 100% 50% no-repeat scroll ;\n}\n.responsive #top #wrap_all .flex_cell.av-k899yzt0-10-11d8a4a6fea0f530127d2a177dff54e9{\npadding:30px 30px 30px 30px !important;\n}\n<\/style>\n<a class=\"av-screen-reader-only\" href=\"https:\/\/swisscables.com\/products\/reference-one\/\" >Link zu: reference One<\/a><div class='flex_cell av-k899yzt0-10-11d8a4a6fea0f530127d2a177dff54e9 av-gridrow-cell av_one_fourth no_margin  avia-builder-el-9  el_after_av_cell_one_fourth  el_before_av_cell_one_fourth  content-align-top avia-full-stretch avia-link-column av-cell-link avia-link-column-hover'  data-link-column-url=\"https:\/\/swisscables.com\/products\/reference-one\/\"  ><div class='flex_cell_inner'><section  class='av_textblock_section av-k86de3b4-9-642018389b767455964f59a5adf1d040 '   itemscope=\"itemscope\" itemtype=\"https:\/\/schema.org\/CreativeWork\" ><div class='avia_textblock'  itemprop=\"text\" ><h3 style=\"text-align: center;\">reference One<\/h3>\n<\/div><\/section>\n<\/div><\/div>\n<style type=\"text\/css\" data-created_by=\"avia_inline_auto\" id=\"style-css-av-k899yzt0-8-d5ce8c62b0863c795afbc546f9f0c552\">\n.flex_cell.av-k899yzt0-8-d5ce8c62b0863c795afbc546f9f0c552{\nvertical-align:top;\nheight:400px;\nmin-height:400px;\nbackground:url(https:\/\/swisscables.com\/wp-content\/uploads\/2023\/11\/Ultra_single-1024x683.jpg) 100% 50% no-repeat scroll ;\n}\n.responsive #top #wrap_all .flex_cell.av-k899yzt0-8-d5ce8c62b0863c795afbc546f9f0c552{\npadding:30px 30px 30px 30px !important;\n}\n<\/style>\n<a class=\"av-screen-reader-only\" href=\"https:\/\/swisscables.com\/products\/reference-ultra\/\" >Link zu: reference Ultra<\/a><div class='flex_cell av-k899yzt0-8-d5ce8c62b0863c795afbc546f9f0c552 av-gridrow-cell av_one_fourth no_margin  avia-builder-el-11  el_after_av_cell_one_fourth  el_before_av_cell_one_fourth  content-align-top avia-full-stretch avia-link-column av-cell-link avia-link-column-hover'  data-link-column-url=\"https:\/\/swisscables.com\/products\/reference-ultra\/\"  ><div class='flex_cell_inner'><section  class='av_textblock_section av-k86de3b4-7-a2e66de4d969dcb27a4bbc7cf71bee66 '   itemscope=\"itemscope\" itemtype=\"https:\/\/schema.org\/CreativeWork\" ><div class='avia_textblock'  itemprop=\"text\" ><h3 style=\"text-align: center;\">reference Ultra<strong><br \/>\n<\/strong><\/h3>\n<\/div><\/section>\n<\/div><\/div>\n<style type=\"text\/css\" data-created_by=\"avia_inline_auto\" id=\"style-css-av-k899yzt0-6-973f36b68a53a2513e24554687718bb2\">\n.flex_cell.av-k899yzt0-6-973f36b68a53a2513e24554687718bb2{\nvertical-align:top;\nheight:400px;\nmin-height:400px;\nbackground:url(https:\/\/swisscables.com\/wp-content\/uploads\/2020\/03\/Diamond-IC-both-2-495x400.jpg) 100% 50% no-repeat scroll ;\n}\n.responsive #top #wrap_all .flex_cell.av-k899yzt0-6-973f36b68a53a2513e24554687718bb2{\npadding:30px 30px 30px 30px !important;\n}\n<\/style>\n<a class=\"av-screen-reader-only\" href=\"https:\/\/swisscables.com\/products\/diamond\/\" >Link zu: Diamond<\/a><div class='flex_cell av-k899yzt0-6-973f36b68a53a2513e24554687718bb2 av-gridrow-cell av_one_fourth no_margin  avia-builder-el-13  el_after_av_cell_one_fourth  avia-builder-el-last  content-align-top avia-full-stretch avia-link-column av-cell-link avia-link-column-hover'  data-link-column-url=\"https:\/\/swisscables.com\/products\/diamond\/\"  ><div class='flex_cell_inner'><section  class='av_textblock_section av-k86de3b4-5-66e3e92e9da8acdbff7f970534cdc5be '   itemscope=\"itemscope\" itemtype=\"https:\/\/schema.org\/CreativeWork\" ><div class='avia_textblock'  itemprop=\"text\" ><h3 style=\"text-align: center;\">Diamond<\/h3>\n<\/div><\/section>\n<\/div><\/div><\/div><div id='av_section_3'  class='avia-section av-k86aw28a-14-fda8e44ff2327ad86235e3b15b728b4a main_color avia-section-large avia-shadow  avia-builder-el-15  el_after_av_layout_row  el_before_av_layout_row  avia-bg-style-scroll container_wrap fullsize'  ><div class='container av-section-cont-open' ><div class='template-page content  av-content-full alpha units'><div class='post-entry post-entry-type-page post-entry-233'><div class='entry-content-wrapper clearfix'>\n\n<style type=\"text\/css\" data-created_by=\"avia_inline_auto\" id=\"style-css-av-3z81-13-23db80b17407ef704be763692ac1029a\">\n.flex_column.av-3z81-13-23db80b17407ef704be763692ac1029a{\nborder-radius:0px 0px 0px 0px;\npadding:0px 0px 0px 0px;\n}\n<\/style>\n<div  class='flex_column av-3z81-13-23db80b17407ef704be763692ac1029a av_one_full  avia-builder-el-16  avia-builder-el-no-sibling  first flex_column_div av-zero-column-padding  '     ><section  class='av_textblock_section av-k86dav2k-12-54d433e285e831d77a39db23958f761f '   itemscope=\"itemscope\" itemtype=\"https:\/\/schema.org\/CreativeWork\" ><div class='avia_textblock'  itemprop=\"text\" ><h2 style=\"text-align: center;\">accessories<\/h2>\n<\/div><\/section><\/div>\n<\/p>\n<\/div><\/div><\/div><!-- close content main div --><\/div><\/div><div id='av-layout-grid-2'  class='av-layout-grid-container av-k899zq5d-11-25a7bd331222d85a0939640a4359927b entry-content-wrapper main_color av-flex-cells  avia-builder-el-18  el_after_av_section  avia-builder-el-last  grid-row-not-first  container_wrap fullsize'  >\n\n<style type=\"text\/css\" data-created_by=\"avia_inline_auto\" id=\"style-css-av-k899yzt0-4-a5c1b96c9dbedeca464de32dadb29aac\">\n.flex_cell.av-k899yzt0-4-a5c1b96c9dbedeca464de32dadb29aac{\nvertical-align:top;\nheight:400px;\nmin-height:400px;\nbackground:url(https:\/\/swisscables.com\/wp-content\/uploads\/2020\/03\/power-plus-US-Leiste_web-986x768.jpg) 100% 50% no-repeat scroll ;\n}\n.responsive #top #wrap_all .flex_cell.av-k899yzt0-4-a5c1b96c9dbedeca464de32dadb29aac{\npadding:30px 30px 30px 30px !important;\n}\n<\/style>\n<a class=\"av-screen-reader-only\" href=\"https:\/\/swisscables.com\/products\/accessories\/\" >Link zu: Accessories<\/a><div class='flex_cell av-k899yzt0-4-a5c1b96c9dbedeca464de32dadb29aac av-gridrow-cell av_one_fourth no_margin  avia-builder-el-19  el_before_av_cell_one_fourth  avia-builder-el-first  content-align-top avia-full-stretch avia-link-column av-cell-link avia-link-column-hover'  data-link-column-url=\"https:\/\/swisscables.com\/products\/accessories\/\"  ><div class='flex_cell_inner'><\/div><\/div>\n<style type=\"text\/css\" data-created_by=\"avia_inline_auto\" id=\"style-css-av-k899yzt0-3-e2d20b9689d2f12b8f4d147144f15220\">\n.flex_cell.av-k899yzt0-3-e2d20b9689d2f12b8f4d147144f15220{\nvertical-align:top;\nheight:400px;\nmin-height:400px;\nbackground:url(https:\/\/swisscables.com\/wp-content\/uploads\/2021\/10\/power-bar_1.5_web-1024x683.jpg) 50% 50% no-repeat scroll ;\n}\n.responsive #top #wrap_all .flex_cell.av-k899yzt0-3-e2d20b9689d2f12b8f4d147144f15220{\npadding:30px 30px 30px 30px !important;\n}\n<\/style>\n<a class=\"av-screen-reader-only\" href=\"https:\/\/swisscables.com\/products\/accessories\/\" >Link zu: Accessories<\/a><div class='flex_cell av-k899yzt0-3-e2d20b9689d2f12b8f4d147144f15220 av-gridrow-cell av_one_fourth no_margin  avia-builder-el-20  el_after_av_cell_one_fourth  el_before_av_cell_one_fourth  content-align-top avia-full-stretch avia-link-column av-cell-link avia-link-column-hover'  data-link-column-url=\"https:\/\/swisscables.com\/products\/accessories\/\"  ><div class='flex_cell_inner'><\/div><\/div>\n<style type=\"text\/css\" data-created_by=\"avia_inline_auto\" id=\"style-css-av-k899yzt0-2-cd9baa7e66c68ba771ce5438a98e8954\">\n.flex_cell.av-k899yzt0-2-cd9baa7e66c68ba771ce5438a98e8954{\nvertical-align:top;\nheight:400px;\nmin-height:400px;\nbackground:url(https:\/\/swisscables.com\/wp-content\/uploads\/2020\/06\/unique-plus_web-1024x683.jpg) 100% 50% no-repeat scroll ;\n}\n.responsive #top #wrap_all .flex_cell.av-k899yzt0-2-cd9baa7e66c68ba771ce5438a98e8954{\npadding:30px 30px 30px 30px !important;\n}\n<\/style>\n<a class=\"av-screen-reader-only\" href=\"https:\/\/swisscables.com\/products\/accessories\/\" >Link zu: Accessories<\/a><div class='flex_cell av-k899yzt0-2-cd9baa7e66c68ba771ce5438a98e8954 av-gridrow-cell av_one_fourth no_margin  avia-builder-el-21  el_after_av_cell_one_fourth  el_before_av_cell_one_fourth  content-align-top avia-full-stretch avia-link-column av-cell-link avia-link-column-hover'  data-link-column-url=\"https:\/\/swisscables.com\/products\/accessories\/\"  ><div class='flex_cell_inner'><\/div><\/div>\n<style type=\"text\/css\" data-created_by=\"avia_inline_auto\" id=\"style-css-av-k899yzt0-1-58165b7a0e17a18f504d6701ffba7089\">\n.flex_cell.av-k899yzt0-1-58165b7a0e17a18f504d6701ffba7089{\nvertical-align:top;\nheight:400px;\nmin-height:400px;\nbackground:url(https:\/\/swisscables.com\/wp-content\/uploads\/2020\/03\/Handy_web-e1632217342582-495x400.jpg) 50% 50% no-repeat scroll ;\n}\n.responsive #top #wrap_all .flex_cell.av-k899yzt0-1-58165b7a0e17a18f504d6701ffba7089{\npadding:30px 30px 30px 30px !important;\n}\n<\/style>\n<a class=\"av-screen-reader-only\" href=\"https:\/\/swisscables.com\/products\/accessories\/\" >Link zu: Accessories<\/a><div class='flex_cell av-k899yzt0-1-58165b7a0e17a18f504d6701ffba7089 av-gridrow-cell av_one_fourth no_margin  avia-builder-el-22  el_after_av_cell_one_fourth  avia-builder-el-last  content-align-top avia-full-stretch avia-link-column av-cell-link avia-link-column-hover'  data-link-column-url=\"https:\/\/swisscables.com\/products\/accessories\/\"  ><div class='flex_cell_inner'><\/div><\/div>\n<\/div>\n","protected":false},"excerpt":{"rendered":"","protected":false},"author":3,"featured_media":0,"parent":0,"menu_order":0,"comment_status":"closed","ping_status":"closed","template":"","meta":{"inline_featured_image":false,"footnotes":""},"class_list":["post-233","page","type-page","status-publish","hentry"],"yoast_head":"<!-- This site is optimized with the Yoast SEO plugin v27.3 - https:\/\/yoast.com\/product\/yoast-seo-wordpress\/ -->\n<title>Products - Swisscables<\/title>\n<meta name=\"robots\" content=\"index, follow, max-snippet:-1, max-image-preview:large, max-video-preview:-1\" \/>\n<link rel=\"canonical\" href=\"https:\/\/swisscables.com\/de\/products\/\" \/>\n<meta property=\"og:locale\" content=\"de_DE\" \/>\n<meta property=\"og:type\" content=\"article\" \/>\n<meta property=\"og:title\" content=\"Products - Swisscables\" \/>\n<meta property=\"og:url\" content=\"https:\/\/swisscables.com\/de\/products\/\" \/>\n<meta property=\"og:site_name\" content=\"Swisscables\" \/>\n<meta property=\"article:modified_time\" content=\"2025-10-22T07:26:10+00:00\" \/>\n<meta name=\"twitter:card\" content=\"summary_large_image\" \/>\n<meta name=\"twitter:label1\" content=\"Gesch\u00e4tzte Lesezeit\" \/>\n\t<meta name=\"twitter:data1\" content=\"12\u00a0Minuten\" \/>\n<script type=\"application\/ld+json\" class=\"yoast-schema-graph\">{\"@context\":\"https:\\\/\\\/schema.org\",\"@graph\":[{\"@type\":\"WebPage\",\"@id\":\"https:\\\/\\\/swisscables.com\\\/de\\\/products\\\/\",\"url\":\"https:\\\/\\\/swisscables.com\\\/de\\\/products\\\/\",\"name\":\"Products - Swisscables\",\"isPartOf\":{\"@id\":\"https:\\\/\\\/swisscables.com\\\/de\\\/#website\"},\"datePublished\":\"2020-03-26T19:52:18+00:00\",\"dateModified\":\"2025-10-22T07:26:10+00:00\",\"breadcrumb\":{\"@id\":\"https:\\\/\\\/swisscables.com\\\/de\\\/products\\\/#breadcrumb\"},\"inLanguage\":\"de\",\"potentialAction\":[{\"@type\":\"ReadAction\",\"target\":[\"https:\\\/\\\/swisscables.com\\\/de\\\/products\\\/\"]}]},{\"@type\":\"BreadcrumbList\",\"@id\":\"https:\\\/\\\/swisscables.com\\\/de\\\/products\\\/#breadcrumb\",\"itemListElement\":[{\"@type\":\"ListItem\",\"position\":1,\"name\":\"Home\",\"item\":\"https:\\\/\\\/swisscables.com\\\/de\\\/home\\\/\"},{\"@type\":\"ListItem\",\"position\":2,\"name\":\"Products\"}]},{\"@type\":\"WebSite\",\"@id\":\"https:\\\/\\\/swisscables.com\\\/de\\\/#website\",\"url\":\"https:\\\/\\\/swisscables.com\\\/de\\\/\",\"name\":\"Swisscables\",\"description\":\"\",\"potentialAction\":[{\"@type\":\"SearchAction\",\"target\":{\"@type\":\"EntryPoint\",\"urlTemplate\":\"https:\\\/\\\/swisscables.com\\\/de\\\/?s={search_term_string}\"},\"query-input\":{\"@type\":\"PropertyValueSpecification\",\"valueRequired\":true,\"valueName\":\"search_term_string\"}}],\"inLanguage\":\"de\"}]}<\/script>\n<!-- \/ Yoast SEO plugin. -->","yoast_head_json":{"title":"Products - Swisscables","robots":{"index":"index","follow":"follow","max-snippet":"max-snippet:-1","max-image-preview":"max-image-preview:large","max-video-preview":"max-video-preview:-1"},"canonical":"https:\/\/swisscables.com\/de\/products\/","og_locale":"de_DE","og_type":"article","og_title":"Products - Swisscables","og_url":"https:\/\/swisscables.com\/de\/products\/","og_site_name":"Swisscables","article_modified_time":"2025-10-22T07:26:10+00:00","twitter_card":"summary_large_image","twitter_misc":{"Gesch\u00e4tzte Lesezeit":"12\u00a0Minuten"},"schema":{"@context":"https:\/\/schema.org","@graph":[{"@type":"WebPage","@id":"https:\/\/swisscables.com\/de\/products\/","url":"https:\/\/swisscables.com\/de\/products\/","name":"Products - Swisscables","isPartOf":{"@id":"https:\/\/swisscables.com\/de\/#website"},"datePublished":"2020-03-26T19:52:18+00:00","dateModified":"2025-10-22T07:26:10+00:00","breadcrumb":{"@id":"https:\/\/swisscables.com\/de\/products\/#breadcrumb"},"inLanguage":"de","potentialAction":[{"@type":"ReadAction","target":["https:\/\/swisscables.com\/de\/products\/"]}]},{"@type":"BreadcrumbList","@id":"https:\/\/swisscables.com\/de\/products\/#breadcrumb","itemListElement":[{"@type":"ListItem","position":1,"name":"Home","item":"https:\/\/swisscables.com\/de\/home\/"},{"@type":"ListItem","position":2,"name":"Products"}]},{"@type":"WebSite","@id":"https:\/\/swisscables.com\/de\/#website","url":"https:\/\/swisscables.com\/de\/","name":"Swisscables","description":"","potentialAction":[{"@type":"SearchAction","target":{"@type":"EntryPoint","urlTemplate":"https:\/\/swisscables.com\/de\/?s={search_term_string}"},"query-input":{"@type":"PropertyValueSpecification","valueRequired":true,"valueName":"search_term_string"}}],"inLanguage":"de"}]}},"_links":{"self":[{"href":"https:\/\/swisscables.com\/de\/wp-json\/wp\/v2\/pages\/233","targetHints":{"allow":["GET"]}}],"collection":[{"href":"https:\/\/swisscables.com\/de\/wp-json\/wp\/v2\/pages"}],"about":[{"href":"https:\/\/swisscables.com\/de\/wp-json\/wp\/v2\/types\/page"}],"author":[{"embeddable":true,"href":"https:\/\/swisscables.com\/de\/wp-json\/wp\/v2\/users\/3"}],"replies":[{"embeddable":true,"href":"https:\/\/swisscables.com\/de\/wp-json\/wp\/v2\/comments?post=233"}],"version-history":[{"count":14,"href":"https:\/\/swisscables.com\/de\/wp-json\/wp\/v2\/pages\/233\/revisions"}],"predecessor-version":[{"id":1264,"href":"https:\/\/swisscables.com\/de\/wp-json\/wp\/v2\/pages\/233\/revisions\/1264"}],"wp:attachment":[{"href":"https:\/\/swisscables.com\/de\/wp-json\/wp\/v2\/media?parent=233"}],"curies":[{"name":"wp","href":"https:\/\/api.w.org\/{rel}","templated":true}]}}